{"id":8271,"date":"2025-10-01T13:59:46","date_gmt":"2025-10-01T13:59:46","guid":{"rendered":"https:\/\/maithai.rs\/?page_id=8271"},"modified":"2026-02-18T13:54:46","modified_gmt":"2026-02-18T13:54:46","slug":"bw-contact","status":"publish","type":"page","link":"https:\/\/maithai.rs\/en\/bw-contact\/","title":{"rendered":"BaliThai Contact"},"content":{"rendered":"<div data-elementor-type=\"wp-page\" data-elementor-id=\"8271\" class=\"elementor elementor-8271\">\n\t\t\t\t\t\t<section class=\"elementor-section elementor-top-section elementor-element elementor-element-beba82c elementor-section-full_width qodef-elementor-content-grid elementor-section-height-default elementor-section-height-default\" data-id=\"beba82c\" data-element_type=\"section\" data-e-type=\"section\">\n\t\t\t\t\t\t<div class=\"elementor-container elementor-column-gap-default\">\n\t\t\t\t\t<div class=\"elementor-column elementor-col-100 elementor-top-column elementor-element elementor-element-e1a7fc8\" data-id=\"e1a7fc8\" data-element_type=\"column\" data-e-type=\"column\">\n\t\t\t<div class=\"elementor-widget-wrap elementor-element-populated\">\n\t\t\t\t\t\t<div class=\"elementor-element elementor-element-1ad3c12 elementor-widget elementor-widget-google_maps\" data-id=\"1ad3c12\" data-element_type=\"widget\" data-e-type=\"widget\" data-widget_type=\"google_maps.default\">\n\t\t\t\t<div class=\"elementor-widget-container\">\n\t\t\t\t\t\t\t<div class=\"elementor-custom-embed\">\n\t\t\t<iframe loading=\"lazy\"\n\t\t\t\t\tsrc=\"https:\/\/maps.google.com\/maps?q=BULEVAR%20VUDROA%20VILSONA%208V%2C%20BEOGRAD&#038;t=m&#038;z=17&#038;output=embed&#038;iwloc=near\"\n\t\t\t\t\ttitle=\"BULEVAR VUDROA VILSONA 8V, BEOGRAD\"\n\t\t\t\t\taria-label=\"BULEVAR VUDROA VILSONA 8V, BEOGRAD\"\n\t\t\t><\/iframe>\n\t\t<\/div>\n\t\t\t\t\t\t<\/div>\n\t\t\t\t<\/div>\n\t\t\t\t\t<\/div>\n\t\t<\/div>\n\t\t\t\t\t<\/div>\n\t\t<\/section>\n\t\t\t\t<section class=\"elementor-section elementor-top-section elementor-element elementor-element-0b9c300 elementor-section-full_width qodef-elementor-content-grid elementor-section-height-default elementor-section-height-default\" data-id=\"0b9c300\" data-element_type=\"section\" data-e-type=\"section\">\n\t\t\t\t\t\t<div class=\"elementor-container elementor-column-gap-default\">\n\t\t\t\t\t<div class=\"elementor-column elementor-col-50 elementor-top-column elementor-element elementor-element-40a915b\" data-id=\"40a915b\" data-element_type=\"column\" data-e-type=\"column\">\n\t\t\t<div class=\"elementor-widget-wrap elementor-element-populated\">\n\t\t\t\t\t\t<div class=\"elementor-element elementor-element-2e8b500 elementor-widget__width-initial elementor-widget-tablet__width-initial elementor-widget-mobile__width-inherit elementor-widget elementor-widget-chea_core_section_title\" data-id=\"2e8b500\" data-element_type=\"widget\" data-e-type=\"widget\" data-widget_type=\"chea_core_section_title.default\">\n\t\t\t\t<div class=\"elementor-widget-container\">\n\t\t\t\t\t<div class=\"qodef-shortcode qodef-m  qodef-section-title qodef-alignment--left\">\n\t\t\t<h2 class=\"qodef-m-title\" >\n\t\t\t\t\tContact\t\t\t<\/h2>\n\t\t<p class=\"qodef-m-text\" style=\"font-size: 22px\">If you wish to get in touch with us or schedule your appointment, our team is here for you.<\/p>\n\t\n    <\/div>\n\t\t\t\t<\/div>\n\t\t\t\t<\/div>\n\t\t\t\t<section class=\"elementor-section elementor-inner-section elementor-element elementor-element-360b9ab elementor-section-full_width elementor-section-height-default elementor-section-height-default qodef-elementor-content-no\" data-id=\"360b9ab\" data-element_type=\"section\" data-e-type=\"section\">\n\t\t\t\t\t\t<div class=\"elementor-container elementor-column-gap-default\">\n\t\t\t\t\t<div class=\"elementor-column elementor-col-50 elementor-inner-column elementor-element elementor-element-54cd829\" data-id=\"54cd829\" data-element_type=\"column\" data-e-type=\"column\">\n\t\t\t<div class=\"elementor-widget-wrap elementor-element-populated\">\n\t\t\t\t\t\t<div class=\"elementor-element elementor-element-049fa2c qodef-reduce-margin-14 elementor-widget elementor-widget-text-editor\" data-id=\"049fa2c\" data-element_type=\"widget\" data-e-type=\"widget\" data-widget_type=\"text-editor.default\">\n\t\t\t\t<div class=\"elementor-widget-container\">\n\t\t\t\t\t\t\t\t\t<h6><a href=\"tel:+381638585851\u202c\">0638585851<\/a><\/h6><h6><a href=\"mailto:belgradewaterfront@maithai.rs\">belgradewaterfront@maithai.rs<\/a><\/h6><h6><a target=\"_blank\" rel=\"noopener\">BULEVAR VUDROA VILSONA 8V,<br \/>BEOGRAD NA VODI ( AURORA )<br \/><\/a><\/h6>\t\t\t\t\t\t\t\t<\/div>\n\t\t\t\t<\/div>\n\t\t\t\t\t<\/div>\n\t\t<\/div>\n\t\t\t\t<div class=\"elementor-column elementor-col-50 elementor-inner-column elementor-element elementor-element-3a02acd\" data-id=\"3a02acd\" data-element_type=\"column\" data-e-type=\"column\">\n\t\t\t<div class=\"elementor-widget-wrap elementor-element-populated\">\n\t\t\t\t\t\t<div class=\"elementor-element elementor-element-c1ea7df qodef-reduce-margin-14 elementor-widget elementor-widget-text-editor\" data-id=\"c1ea7df\" data-element_type=\"widget\" data-e-type=\"widget\" data-widget_type=\"text-editor.default\">\n\t\t\t\t<div class=\"elementor-widget-container\">\n\t\t\t\t\t\t\t\t\t<h6>Monday - Sunday<\/h6><h6>10:00 &#8211; 22:00<\/h6>\t\t\t\t\t\t\t\t<\/div>\n\t\t\t\t<\/div>\n\t\t\t\t\t<\/div>\n\t\t<\/div>\n\t\t\t\t\t<\/div>\n\t\t<\/section>\n\t\t\t\t\t<\/div>\n\t\t<\/div>\n\t\t\t\t<div class=\"elementor-column elementor-col-50 elementor-top-column elementor-element elementor-element-4a00548\" data-id=\"4a00548\" data-element_type=\"column\" data-e-type=\"column\">\n\t\t\t<div class=\"elementor-widget-wrap elementor-element-populated\">\n\t\t\t\t\t\t<div class=\"elementor-element elementor-element-2b2a302 elementor-widget__width-initial elementor-widget-tablet__width-initial elementor-widget elementor-widget-wp-widget-chea_core_contact_form_7\" data-id=\"2b2a302\" data-element_type=\"widget\" data-e-type=\"widget\" data-widget_type=\"wp-widget-chea_core_contact_form_7.default\">\n\t\t\t\t<div class=\"elementor-widget-container\">\n\t\t\t\t\t\t\t\t<div class=\"qodef-contact-form-7\">\n\t\t\t\t\n<div class=\"wpcf7 no-js\" id=\"wpcf7-f8391-o1\" lang=\"en-US\" dir=\"ltr\" data-wpcf7-id=\"8391\">\n<div class=\"screen-reader-response\"><p role=\"status\" aria-live=\"polite\" aria-atomic=\"true\"><\/p> <ul><\/ul><\/div>\n<form action=\"\/en\/wp-json\/wp\/v2\/pages\/8271#wpcf7-f8391-o1\" method=\"post\" class=\"wpcf7-form init\" aria-label=\"Contact form\" novalidate=\"novalidate\" data-status=\"init\" data-trp-original-action=\"\/en\/wp-json\/wp\/v2\/pages\/8271#wpcf7-f8391-o1\">\n<fieldset class=\"hidden-fields-container\"><input type=\"hidden\" name=\"_wpcf7\" value=\"8391\" \/><input type=\"hidden\" name=\"_wpcf7_version\" value=\"6.1.5\" \/><input type=\"hidden\" name=\"_wpcf7_locale\" value=\"en_US\" \/><input type=\"hidden\" name=\"_wpcf7_unit_tag\" value=\"wpcf7-f8391-o1\" \/><input type=\"hidden\" name=\"_wpcf7_container_post\" value=\"0\" \/><input type=\"hidden\" name=\"_wpcf7_posted_data_hash\" value=\"\" \/>\n<\/fieldset>\n<p><label> Name<br \/>\n<span class=\"wpcf7-form-control-wrap\" data-name=\"your-name\"><input size=\"40\" maxlength=\"400\" class=\"wpcf7-form-control wpcf7-text wpcf7-validates-as-required\" autocomplete=\"name\" aria-required=\"true\" aria-invalid=\"false\" value=\"\" type=\"text\" name=\"your-name\" \/><\/span><br \/>\n<\/label>\n<\/p>\n<p><label> Phone<br \/>\n<span class=\"wpcf7-form-control-wrap\" data-name=\"your-phone\"><input size=\"40\" maxlength=\"400\" class=\"wpcf7-form-control wpcf7-text wpcf7-validates-as-required\" autocomplete=\"phone\" aria-required=\"true\" aria-invalid=\"false\" value=\"\" type=\"text\" name=\"your-phone\" \/><\/span><br \/>\n<\/label>\n<\/p>\n<p><label> Email (optional)<br \/>\n<span class=\"wpcf7-form-control-wrap\" data-name=\"your-email\"><input size=\"40\" maxlength=\"400\" class=\"wpcf7-form-control wpcf7-email wpcf7-text wpcf7-validates-as-email\" aria-invalid=\"false\" value=\"\" type=\"email\" name=\"your-email\" \/><\/span><br \/>\n<\/label>\n<\/p>\n<p><label> Message<br \/>\n<span class=\"wpcf7-form-control-wrap\" data-name=\"your-message\"><textarea cols=\"40\" rows=\"4\" maxlength=\"2000\" class=\"wpcf7-form-control wpcf7-textarea\" aria-invalid=\"false\" name=\"your-message\"><\/textarea><\/span> <\/label>\n<\/p>\n<p><button class=\"wpcf7-form-control wpcf7-submit qodef-button qodef-size--normal qodef-layout--outlined qodef-m\" type=\"submit\"><span class=\"qodef-m-border--top-right\"><\/span><span class=\"qodef-m-border--bottom-left\"><\/span><span class=\"qodef-m-text\">Send message<\/span><\/button>\n<\/p><p style=\"display: none !important;\" class=\"akismet-fields-container\" data-prefix=\"_wpcf7_ak_\"><label>&#916;<textarea name=\"_wpcf7_ak_hp_textarea\" cols=\"45\" rows=\"8\" maxlength=\"100\"><\/textarea><\/label><input type=\"hidden\" id=\"ak_js_1\" name=\"_wpcf7_ak_js\" value=\"90\"\/><script>document.getElementById( \"ak_js_1\" ).setAttribute( \"value\", ( new Date() ).getTime() );<\/script><\/p><div class=\"wpcf7-response-output\" aria-hidden=\"true\"><\/div>\n<input type=\"hidden\" name=\"trp-form-language\" value=\"en\"\/><\/form>\n<\/div>\n\t\t\t<\/div>\n\t\t\t\t\t\t\t<\/div>\n\t\t\t\t<\/div>\n\t\t\t\t\t<\/div>\n\t\t<\/div>\n\t\t\t\t\t<\/div>\n\t\t<\/section>\n\t\t\t\t<\/div>","protected":false},"excerpt":{"rendered":"<p>Kontakt Ukoliko \u017eelite da nas kontaktirate ili zaka\u017eete svoj termin, na\u0161 tim je tu za vas 0638585851 belgradewaterfront@maithai.rs BULEVAR VUDROA VILSONA 8V,BEOGRAD NA VODI ( AURORA ) PONEDELJAK &#8211; Nedelja 10:00 &#8211; 22:00<\/p>","protected":false},"author":1,"featured_media":0,"parent":0,"menu_order":0,"comment_status":"closed","ping_status":"closed","template":"page-full-width.php","meta":{"footnotes":""},"class_list":["post-8271","page","type-page","status-publish","hentry"],"yoast_head":"<!-- This site is optimized with the Yoast SEO plugin v27.2 - https:\/\/yoast.com\/product\/yoast-seo-wordpress\/ -->\n<title>BaliThai Contact - Mai Thai Lux Massage<\/title>\n<meta name=\"robots\" content=\"index, follow, max-snippet:-1, max-image-preview:large, max-video-preview:-1\" \/>\n<link rel=\"canonical\" href=\"https:\/\/maithai.rs\/en\/bw-contact\/\" \/>\n<meta property=\"og:locale\" content=\"en_GB\" \/>\n<meta property=\"og:type\" content=\"article\" \/>\n<meta property=\"og:title\" content=\"BaliThai Contact - Mai Thai Lux Massage\" \/>\n<meta property=\"og:description\" content=\"Kontakt Ukoliko \u017eelite da nas kontaktirate ili zaka\u017eete svoj termin, na\u0161 tim je tu za vas 0638585851 belgradewaterfront@maithai.rs BULEVAR VUDROA VILSONA 8V,BEOGRAD NA VODI ( AURORA ) PONEDELJAK &#8211; Nedelja 10:00 &#8211; 22:00\" \/>\n<meta property=\"og:url\" content=\"https:\/\/maithai.rs\/en\/bw-contact\/\" \/>\n<meta property=\"og:site_name\" content=\"Mai Thai Lux Massage\" \/>\n<meta property=\"article:modified_time\" content=\"2026-02-18T13:54:46+00:00\" \/>\n<meta name=\"twitter:card\" content=\"summary_large_image\" \/>\n<meta name=\"twitter:label1\" content=\"Estimated reading time\" \/>\n\t<meta name=\"twitter:data1\" content=\"1 minute\" \/>\n<script type=\"application\/ld+json\" class=\"yoast-schema-graph\">{\"@context\":\"https:\/\/schema.org\",\"@graph\":[{\"@type\":\"WebPage\",\"@id\":\"https:\/\/maithai.rs\/bw-contact\/\",\"url\":\"https:\/\/maithai.rs\/bw-contact\/\",\"name\":\"BaliThai Contact - Mai Thai Lux Massage\",\"isPartOf\":{\"@id\":\"https:\/\/maithai.rs\/#website\"},\"datePublished\":\"2025-10-01T13:59:46+00:00\",\"dateModified\":\"2026-02-18T13:54:46+00:00\",\"breadcrumb\":{\"@id\":\"https:\/\/maithai.rs\/bw-contact\/#breadcrumb\"},\"inLanguage\":\"en-GB\",\"potentialAction\":[{\"@type\":\"ReadAction\",\"target\":[\"https:\/\/maithai.rs\/bw-contact\/\"]}]},{\"@type\":\"BreadcrumbList\",\"@id\":\"https:\/\/maithai.rs\/bw-contact\/#breadcrumb\",\"itemListElement\":[{\"@type\":\"ListItem\",\"position\":1,\"name\":\"Po\u010detna\",\"item\":\"https:\/\/maithai.rs\/\"},{\"@type\":\"ListItem\",\"position\":2,\"name\":\"BaliThai Contact\"}]},{\"@type\":\"WebSite\",\"@id\":\"https:\/\/maithai.rs\/#website\",\"url\":\"https:\/\/maithai.rs\/\",\"name\":\"Mai Thai Lux Massage\",\"description\":\"Tajlandska masa\u017ea u srcu grada\",\"publisher\":{\"@id\":\"https:\/\/maithai.rs\/#organization\"},\"potentialAction\":[{\"@type\":\"SearchAction\",\"target\":{\"@type\":\"EntryPoint\",\"urlTemplate\":\"https:\/\/maithai.rs\/?s={search_term_string}\"},\"query-input\":{\"@type\":\"PropertyValueSpecification\",\"valueRequired\":true,\"valueName\":\"search_term_string\"}}],\"inLanguage\":\"en-GB\"},{\"@type\":\"Organization\",\"@id\":\"https:\/\/maithai.rs\/#organization\",\"name\":\"Mai Thai Lux Massage\",\"url\":\"https:\/\/maithai.rs\/\",\"logo\":{\"@type\":\"ImageObject\",\"inLanguage\":\"en-GB\",\"@id\":\"https:\/\/maithai.rs\/#\/schema\/logo\/image\/\",\"url\":\"https:\/\/maithai.rs\/wp-content\/uploads\/2021\/08\/logo-footer-ch-img.png\",\"contentUrl\":\"https:\/\/maithai.rs\/wp-content\/uploads\/2021\/08\/logo-footer-ch-img.png\",\"width\":151,\"height\":62,\"caption\":\"Mai Thai Lux Massage\"},\"image\":{\"@id\":\"https:\/\/maithai.rs\/#\/schema\/logo\/image\/\"},\"sameAs\":[\"https:\/\/instagram.com\/maithai.luxmassage\"]}]}<\/script>\n<!-- \/ Yoast SEO plugin. -->","yoast_head_json":{"title":"BaliThai Contact - Mai Thai Lux Massage","robots":{"index":"index","follow":"follow","max-snippet":"max-snippet:-1","max-image-preview":"max-image-preview:large","max-video-preview":"max-video-preview:-1"},"canonical":"https:\/\/maithai.rs\/en\/bw-contact\/","og_locale":"en_GB","og_type":"article","og_title":"BaliThai Contact - Mai Thai Lux Massage","og_description":"Kontakt Ukoliko \u017eelite da nas kontaktirate ili zaka\u017eete svoj termin, na\u0161 tim je tu za vas 0638585851 belgradewaterfront@maithai.rs BULEVAR VUDROA VILSONA 8V,BEOGRAD NA VODI ( AURORA ) PONEDELJAK &#8211; Nedelja 10:00 &#8211; 22:00","og_url":"https:\/\/maithai.rs\/en\/bw-contact\/","og_site_name":"Mai Thai Lux Massage","article_modified_time":"2026-02-18T13:54:46+00:00","twitter_card":"summary_large_image","twitter_misc":{"Estimated reading time":"1 minute"},"schema":{"@context":"https:\/\/schema.org","@graph":[{"@type":"WebPage","@id":"https:\/\/maithai.rs\/bw-contact\/","url":"https:\/\/maithai.rs\/bw-contact\/","name":"BaliThai Contact - Mai Thai Lux Massage","isPartOf":{"@id":"https:\/\/maithai.rs\/#website"},"datePublished":"2025-10-01T13:59:46+00:00","dateModified":"2026-02-18T13:54:46+00:00","breadcrumb":{"@id":"https:\/\/maithai.rs\/bw-contact\/#breadcrumb"},"inLanguage":"en-GB","potentialAction":[{"@type":"ReadAction","target":["https:\/\/maithai.rs\/bw-contact\/"]}]},{"@type":"BreadcrumbList","@id":"https:\/\/maithai.rs\/bw-contact\/#breadcrumb","itemListElement":[{"@type":"ListItem","position":1,"name":"Po\u010detna","item":"https:\/\/maithai.rs\/"},{"@type":"ListItem","position":2,"name":"BaliThai Contact"}]},{"@type":"WebSite","@id":"https:\/\/maithai.rs\/#website","url":"https:\/\/maithai.rs\/","name":"Mai Thai Lux Massage","description":"Tajlandska masa\u017ea u srcu grada","publisher":{"@id":"https:\/\/maithai.rs\/#organization"},"potentialAction":[{"@type":"SearchAction","target":{"@type":"EntryPoint","urlTemplate":"https:\/\/maithai.rs\/?s={search_term_string}"},"query-input":{"@type":"PropertyValueSpecification","valueRequired":true,"valueName":"search_term_string"}}],"inLanguage":"en-GB"},{"@type":"Organization","@id":"https:\/\/maithai.rs\/#organization","name":"Mai Thai Lux Massage","url":"https:\/\/maithai.rs\/","logo":{"@type":"ImageObject","inLanguage":"en-GB","@id":"https:\/\/maithai.rs\/#\/schema\/logo\/image\/","url":"https:\/\/maithai.rs\/wp-content\/uploads\/2021\/08\/logo-footer-ch-img.png","contentUrl":"https:\/\/maithai.rs\/wp-content\/uploads\/2021\/08\/logo-footer-ch-img.png","width":151,"height":62,"caption":"Mai Thai Lux Massage"},"image":{"@id":"https:\/\/maithai.rs\/#\/schema\/logo\/image\/"},"sameAs":["https:\/\/instagram.com\/maithai.luxmassage"]}]}},"_links":{"self":[{"href":"https:\/\/maithai.rs\/en\/wp-json\/wp\/v2\/pages\/8271","targetHints":{"allow":["GET"]}}],"collection":[{"href":"https:\/\/maithai.rs\/en\/wp-json\/wp\/v2\/pages"}],"about":[{"href":"https:\/\/maithai.rs\/en\/wp-json\/wp\/v2\/types\/page"}],"author":[{"embeddable":true,"href":"https:\/\/maithai.rs\/en\/wp-json\/wp\/v2\/users\/1"}],"replies":[{"embeddable":true,"href":"https:\/\/maithai.rs\/en\/wp-json\/wp\/v2\/comments?post=8271"}],"version-history":[{"count":12,"href":"https:\/\/maithai.rs\/en\/wp-json\/wp\/v2\/pages\/8271\/revisions"}],"predecessor-version":[{"id":8575,"href":"https:\/\/maithai.rs\/en\/wp-json\/wp\/v2\/pages\/8271\/revisions\/8575"}],"wp:attachment":[{"href":"https:\/\/maithai.rs\/en\/wp-json\/wp\/v2\/media?parent=8271"}],"curies":[{"name":"wp","href":"https:\/\/api.w.org\/{rel}","templated":true}]}}