{"id":8270,"date":"2025-10-01T13:59:49","date_gmt":"2025-10-01T13:59:49","guid":{"rendered":"https:\/\/maithai.rs\/?page_id=8270"},"modified":"2025-11-23T18:52:19","modified_gmt":"2025-11-23T18:52:19","slug":"bw-about-us","status":"publish","type":"page","link":"https:\/\/maithai.rs\/en\/bw-about-us\/","title":{"rendered":"BaliThai About"},"content":{"rendered":"<div data-elementor-type=\"wp-page\" data-elementor-id=\"8270\" class=\"elementor elementor-8270\">\n\t\t\t\t\t\t<section class=\"elementor-section elementor-top-section elementor-element elementor-element-592d98f elementor-section-full_width elementor-section-height-default elementor-section-height-default qodef-elementor-content-no\" data-id=\"592d98f\" data-element_type=\"section\" data-e-type=\"section\">\n\t\t\t\t\t\t<div class=\"elementor-container elementor-column-gap-default\">\n\t\t\t\t\t<div class=\"elementor-column elementor-col-50 elementor-top-column elementor-element elementor-element-ef1d745\" data-id=\"ef1d745\" data-element_type=\"column\" data-e-type=\"column\">\n\t\t\t<div class=\"elementor-widget-wrap elementor-element-populated\">\n\t\t\t\t\t\t<div class=\"elementor-element elementor-element-29a1098 elementor-widget elementor-widget-image\" data-id=\"29a1098\" data-element_type=\"widget\" data-e-type=\"widget\" data-widget_type=\"image.default\">\n\t\t\t\t<div class=\"elementor-widget-container\">\n\t\t\t\t\t\t\t\t\t\t\t\t\t\t\t<img fetchpriority=\"high\" decoding=\"async\" width=\"650\" height=\"650\" src=\"https:\/\/maithai.rs\/wp-content\/uploads\/2025\/11\/WhatsApp-Image-2025-11-12-at-15.51.28_b9019155-650x650.jpg\" class=\"attachment-chea_core_image_size_square size-chea_core_image_size_square wp-image-8381\" alt=\"\" srcset=\"https:\/\/maithai.rs\/wp-content\/uploads\/2025\/11\/WhatsApp-Image-2025-11-12-at-15.51.28_b9019155-650x650.jpg 650w, https:\/\/maithai.rs\/wp-content\/uploads\/2025\/11\/WhatsApp-Image-2025-11-12-at-15.51.28_b9019155-150x150.jpg 150w, https:\/\/maithai.rs\/wp-content\/uploads\/2025\/11\/WhatsApp-Image-2025-11-12-at-15.51.28_b9019155-1300x1300.jpg 1300w\" sizes=\"(max-width: 650px) 100vw, 650px\" \/>\t\t\t\t\t\t\t\t\t\t\t\t\t\t\t<\/div>\n\t\t\t\t<\/div>\n\t\t\t\t\t<\/div>\n\t\t<\/div>\n\t\t\t\t<div class=\"elementor-column elementor-col-50 elementor-top-column elementor-element elementor-element-805d635\" data-id=\"805d635\" data-element_type=\"column\" data-e-type=\"column\">\n\t\t\t<div class=\"elementor-widget-wrap elementor-element-populated\">\n\t\t\t\t\t\t<div class=\"elementor-element elementor-element-1ea09c8 elementor-widget__width-initial elementor-widget elementor-widget-heading\" data-id=\"1ea09c8\" data-element_type=\"widget\" data-e-type=\"widget\" data-widget_type=\"heading.default\">\n\t\t\t\t<div class=\"elementor-widget-container\">\n\t\t\t\t\t<h2 class=\"elementor-heading-title elementor-size-default\">About us<\/h2>\t\t\t\t<\/div>\n\t\t\t\t<\/div>\n\t\t\t\t<div class=\"elementor-element elementor-element-85a7ae2 elementor-widget elementor-widget-text-editor\" data-id=\"85a7ae2\" data-element_type=\"widget\" data-e-type=\"widget\" data-widget_type=\"text-editor.default\">\n\t\t\t\t<div class=\"elementor-widget-container\">\n\t\t\t\t\t\t\t\t\t<p>Welcome to Bali Thai, Belgrade Waterfront\u2019s leading Thai and Balinese massage salon \u2013 where luxury is not described, but truly felt.<\/p><p>Our space is thoughtfully designed to awaken all the senses. An artistic blend of Bali and Thailand, the scent of sandalwood, the touch of silk, and the sound of distant seas create an atmosphere that evokes both strength and serenity.<br \/>Every detail, from the lighting to the music, is carefully curated to provide a flawless experience of exclusive relaxation.<\/p><p>Our elite team of therapists from Thailand and Bali brings years of experience in traditional massage techniques, delivering treatments that not only relax, but deeply restore energy and vitality.<\/p><p>At Bali Thai, massage is more than just touch \u2014 it is a ritual of strength, beauty, and balance.<br \/>Experience the perfect harmony of body and mind in a space infused with luxury and the energy of the Far East.<\/p><p>Bali Thai \u2013 where your transformation begins.<\/p>\t\t\t\t\t\t\t\t<\/div>\n\t\t\t\t<\/div>\n\t\t\t\t\t<\/div>\n\t\t<\/div>\n\t\t\t\t\t<\/div>\n\t\t<\/section>\n\t\t\t\t<section class=\"elementor-section elementor-top-section elementor-element elementor-element-50de3b9 elementor-section-full_width elementor-section-height-default elementor-section-height-default qodef-elementor-content-no\" data-id=\"50de3b9\" data-element_type=\"section\" data-e-type=\"section\">\n\t\t\t\t\t\t<div class=\"elementor-container elementor-column-gap-default\">\n\t\t\t\t\t<div class=\"elementor-column elementor-col-50 elementor-top-column elementor-element elementor-element-d09ee2f\" data-id=\"d09ee2f\" data-element_type=\"column\" data-e-type=\"column\">\n\t\t\t<div class=\"elementor-widget-wrap elementor-element-populated\">\n\t\t\t\t\t\t<div class=\"elementor-element elementor-element-8bdd421 elementor-widget elementor-widget-image\" data-id=\"8bdd421\" data-element_type=\"widget\" data-e-type=\"widget\" data-widget_type=\"image.default\">\n\t\t\t\t<div class=\"elementor-widget-container\">\n\t\t\t\t\t\t\t\t\t\t\t\t\t\t\t<img decoding=\"async\" width=\"1536\" height=\"2048\" src=\"https:\/\/maithai.rs\/wp-content\/uploads\/2025\/11\/WhatsApp-Image-2025-11-12-at-15.51.36_fb65dbf3.jpg\" class=\"attachment-full size-full wp-image-8383\" alt=\"\" srcset=\"https:\/\/maithai.rs\/wp-content\/uploads\/2025\/11\/WhatsApp-Image-2025-11-12-at-15.51.36_fb65dbf3.jpg 1536w, https:\/\/maithai.rs\/wp-content\/uploads\/2025\/11\/WhatsApp-Image-2025-11-12-at-15.51.36_fb65dbf3-225x300.jpg 225w, https:\/\/maithai.rs\/wp-content\/uploads\/2025\/11\/WhatsApp-Image-2025-11-12-at-15.51.36_fb65dbf3-768x1024.jpg 768w, https:\/\/maithai.rs\/wp-content\/uploads\/2025\/11\/WhatsApp-Image-2025-11-12-at-15.51.36_fb65dbf3-1152x1536.jpg 1152w, https:\/\/maithai.rs\/wp-content\/uploads\/2025\/11\/WhatsApp-Image-2025-11-12-at-15.51.36_fb65dbf3-9x12.jpg 9w\" sizes=\"(max-width: 1536px) 100vw, 1536px\" \/>\t\t\t\t\t\t\t\t\t\t\t\t\t\t\t<\/div>\n\t\t\t\t<\/div>\n\t\t\t\t\t<\/div>\n\t\t<\/div>\n\t\t\t\t<div class=\"elementor-column elementor-col-50 elementor-top-column elementor-element elementor-element-1b072c1\" data-id=\"1b072c1\" data-element_type=\"column\" data-e-type=\"column\">\n\t\t\t<div class=\"elementor-widget-wrap elementor-element-populated\">\n\t\t\t\t\t\t<div class=\"elementor-element elementor-element-7994b63 elementor-widget elementor-widget-image\" data-id=\"7994b63\" data-element_type=\"widget\" data-e-type=\"widget\" data-widget_type=\"image.default\">\n\t\t\t\t<div class=\"elementor-widget-container\">\n\t\t\t\t\t\t\t\t\t\t\t\t\t\t\t<img decoding=\"async\" width=\"1536\" height=\"2048\" src=\"https:\/\/maithai.rs\/wp-content\/uploads\/2025\/11\/WhatsApp-Image-2025-11-12-at-15.51.31_cad69f34.jpg\" class=\"attachment-full size-full wp-image-8385\" alt=\"\" srcset=\"https:\/\/maithai.rs\/wp-content\/uploads\/2025\/11\/WhatsApp-Image-2025-11-12-at-15.51.31_cad69f34.jpg 1536w, https:\/\/maithai.rs\/wp-content\/uploads\/2025\/11\/WhatsApp-Image-2025-11-12-at-15.51.31_cad69f34-225x300.jpg 225w, https:\/\/maithai.rs\/wp-content\/uploads\/2025\/11\/WhatsApp-Image-2025-11-12-at-15.51.31_cad69f34-768x1024.jpg 768w, https:\/\/maithai.rs\/wp-content\/uploads\/2025\/11\/WhatsApp-Image-2025-11-12-at-15.51.31_cad69f34-1152x1536.jpg 1152w, https:\/\/maithai.rs\/wp-content\/uploads\/2025\/11\/WhatsApp-Image-2025-11-12-at-15.51.31_cad69f34-9x12.jpg 9w\" sizes=\"(max-width: 1536px) 100vw, 1536px\" \/>\t\t\t\t\t\t\t\t\t\t\t\t\t\t\t<\/div>\n\t\t\t\t<\/div>\n\t\t\t\t\t<\/div>\n\t\t<\/div>\n\t\t\t\t\t<\/div>\n\t\t<\/section>\n\t\t\t\t<\/div>","protected":false},"excerpt":{"rendered":"<p>O nama Dobrodo\u0161li u Bali Thai, najpresti\u017eniji salon tajlandske i baline\u017eanske masa\u017ee u Beogradu na vodi \u2013 mesto gde se luksuz ne pri\u010da, ve\u0107 do\u017eivljava. Na\u0161 prostor je pa\u017eljivo oblikovan da probudi sva \u010dula. Umetni\u010dki spoj Balija i Tajlanda, miris sandalovine, dodir svile i zvuk dalekih mora stvaraju atmosferu koja budi snagu i smirenost u [&hellip;]<\/p>\n","protected":false},"author":1,"featured_media":0,"parent":0,"menu_order":0,"comment_status":"closed","ping_status":"closed","template":"page-full-width.php","meta":{"footnotes":""},"class_list":["post-8270","page","type-page","status-publish","hentry"],"yoast_head":"<!-- This site is optimized with the Yoast SEO plugin v27.2 - https:\/\/yoast.com\/product\/yoast-seo-wordpress\/ -->\n<title>BaliThai About - Mai Thai Lux Massage<\/title>\n<meta name=\"robots\" content=\"index, follow, max-snippet:-1, max-image-preview:large, max-video-preview:-1\" \/>\n<link rel=\"canonical\" href=\"https:\/\/maithai.rs\/en\/bw-about-us\/\" \/>\n<meta property=\"og:locale\" content=\"en_GB\" \/>\n<meta property=\"og:type\" content=\"article\" \/>\n<meta property=\"og:title\" content=\"BaliThai About - Mai Thai Lux Massage\" \/>\n<meta property=\"og:description\" content=\"O nama Dobrodo\u0161li u Bali Thai, najpresti\u017eniji salon tajlandske i baline\u017eanske masa\u017ee u Beogradu na vodi \u2013 mesto gde se luksuz ne pri\u010da, ve\u0107 do\u017eivljava. Na\u0161 prostor je pa\u017eljivo oblikovan da probudi sva \u010dula. Umetni\u010dki spoj Balija i Tajlanda, miris sandalovine, dodir svile i zvuk dalekih mora stvaraju atmosferu koja budi snagu i smirenost u [&hellip;]\" \/>\n<meta property=\"og:url\" content=\"https:\/\/maithai.rs\/en\/bw-about-us\/\" \/>\n<meta property=\"og:site_name\" content=\"Mai Thai Lux Massage\" \/>\n<meta property=\"article:modified_time\" content=\"2025-11-23T18:52:19+00:00\" \/>\n<meta property=\"og:image\" content=\"http:\/\/maithai.rs\/wp-content\/uploads\/2025\/11\/WhatsApp-Image-2025-11-12-at-15.51.28_b9019155-650x650.jpg\" \/>\n<meta name=\"twitter:card\" content=\"summary_large_image\" \/>\n<meta name=\"twitter:label1\" content=\"Estimated reading time\" \/>\n\t<meta name=\"twitter:data1\" content=\"2 minutes\" \/>\n<script type=\"application\/ld+json\" class=\"yoast-schema-graph\">{\"@context\":\"https:\/\/schema.org\",\"@graph\":[{\"@type\":\"WebPage\",\"@id\":\"https:\/\/maithai.rs\/bw-about-us\/\",\"url\":\"https:\/\/maithai.rs\/bw-about-us\/\",\"name\":\"BaliThai About - Mai Thai Lux Massage\",\"isPartOf\":{\"@id\":\"https:\/\/maithai.rs\/#website\"},\"primaryImageOfPage\":{\"@id\":\"https:\/\/maithai.rs\/bw-about-us\/#primaryimage\"},\"image\":{\"@id\":\"https:\/\/maithai.rs\/bw-about-us\/#primaryimage\"},\"thumbnailUrl\":\"http:\/\/maithai.rs\/wp-content\/uploads\/2025\/11\/WhatsApp-Image-2025-11-12-at-15.51.28_b9019155-650x650.jpg\",\"datePublished\":\"2025-10-01T13:59:49+00:00\",\"dateModified\":\"2025-11-23T18:52:19+00:00\",\"breadcrumb\":{\"@id\":\"https:\/\/maithai.rs\/bw-about-us\/#breadcrumb\"},\"inLanguage\":\"en-GB\",\"potentialAction\":[{\"@type\":\"ReadAction\",\"target\":[\"https:\/\/maithai.rs\/bw-about-us\/\"]}]},{\"@type\":\"ImageObject\",\"inLanguage\":\"en-GB\",\"@id\":\"https:\/\/maithai.rs\/bw-about-us\/#primaryimage\",\"url\":\"http:\/\/maithai.rs\/wp-content\/uploads\/2025\/11\/WhatsApp-Image-2025-11-12-at-15.51.28_b9019155-650x650.jpg\",\"contentUrl\":\"http:\/\/maithai.rs\/wp-content\/uploads\/2025\/11\/WhatsApp-Image-2025-11-12-at-15.51.28_b9019155-650x650.jpg\"},{\"@type\":\"BreadcrumbList\",\"@id\":\"https:\/\/maithai.rs\/bw-about-us\/#breadcrumb\",\"itemListElement\":[{\"@type\":\"ListItem\",\"position\":1,\"name\":\"Po\u010detna\",\"item\":\"https:\/\/maithai.rs\/\"},{\"@type\":\"ListItem\",\"position\":2,\"name\":\"BaliThai About\"}]},{\"@type\":\"WebSite\",\"@id\":\"https:\/\/maithai.rs\/#website\",\"url\":\"https:\/\/maithai.rs\/\",\"name\":\"Mai Thai Lux Massage\",\"description\":\"Tajlandska masa\u017ea u srcu grada\",\"publisher\":{\"@id\":\"https:\/\/maithai.rs\/#organization\"},\"potentialAction\":[{\"@type\":\"SearchAction\",\"target\":{\"@type\":\"EntryPoint\",\"urlTemplate\":\"https:\/\/maithai.rs\/?s={search_term_string}\"},\"query-input\":{\"@type\":\"PropertyValueSpecification\",\"valueRequired\":true,\"valueName\":\"search_term_string\"}}],\"inLanguage\":\"en-GB\"},{\"@type\":\"Organization\",\"@id\":\"https:\/\/maithai.rs\/#organization\",\"name\":\"Mai Thai Lux Massage\",\"url\":\"https:\/\/maithai.rs\/\",\"logo\":{\"@type\":\"ImageObject\",\"inLanguage\":\"en-GB\",\"@id\":\"https:\/\/maithai.rs\/#\/schema\/logo\/image\/\",\"url\":\"https:\/\/maithai.rs\/wp-content\/uploads\/2021\/08\/logo-footer-ch-img.png\",\"contentUrl\":\"https:\/\/maithai.rs\/wp-content\/uploads\/2021\/08\/logo-footer-ch-img.png\",\"width\":151,\"height\":62,\"caption\":\"Mai Thai Lux Massage\"},\"image\":{\"@id\":\"https:\/\/maithai.rs\/#\/schema\/logo\/image\/\"},\"sameAs\":[\"https:\/\/instagram.com\/maithai.luxmassage\"]}]}<\/script>\n<!-- \/ Yoast SEO plugin. -->","yoast_head_json":{"title":"BaliThai About - Mai Thai Lux Massage","robots":{"index":"index","follow":"follow","max-snippet":"max-snippet:-1","max-image-preview":"max-image-preview:large","max-video-preview":"max-video-preview:-1"},"canonical":"https:\/\/maithai.rs\/en\/bw-about-us\/","og_locale":"en_GB","og_type":"article","og_title":"BaliThai About - Mai Thai Lux Massage","og_description":"O nama Dobrodo\u0161li u Bali Thai, najpresti\u017eniji salon tajlandske i baline\u017eanske masa\u017ee u Beogradu na vodi \u2013 mesto gde se luksuz ne pri\u010da, ve\u0107 do\u017eivljava. Na\u0161 prostor je pa\u017eljivo oblikovan da probudi sva \u010dula. Umetni\u010dki spoj Balija i Tajlanda, miris sandalovine, dodir svile i zvuk dalekih mora stvaraju atmosferu koja budi snagu i smirenost u [&hellip;]","og_url":"https:\/\/maithai.rs\/en\/bw-about-us\/","og_site_name":"Mai Thai Lux Massage","article_modified_time":"2025-11-23T18:52:19+00:00","og_image":[{"url":"http:\/\/maithai.rs\/wp-content\/uploads\/2025\/11\/WhatsApp-Image-2025-11-12-at-15.51.28_b9019155-650x650.jpg","type":"","width":"","height":""}],"twitter_card":"summary_large_image","twitter_misc":{"Estimated reading time":"2 minutes"},"schema":{"@context":"https:\/\/schema.org","@graph":[{"@type":"WebPage","@id":"https:\/\/maithai.rs\/bw-about-us\/","url":"https:\/\/maithai.rs\/bw-about-us\/","name":"BaliThai About - Mai Thai Lux Massage","isPartOf":{"@id":"https:\/\/maithai.rs\/#website"},"primaryImageOfPage":{"@id":"https:\/\/maithai.rs\/bw-about-us\/#primaryimage"},"image":{"@id":"https:\/\/maithai.rs\/bw-about-us\/#primaryimage"},"thumbnailUrl":"http:\/\/maithai.rs\/wp-content\/uploads\/2025\/11\/WhatsApp-Image-2025-11-12-at-15.51.28_b9019155-650x650.jpg","datePublished":"2025-10-01T13:59:49+00:00","dateModified":"2025-11-23T18:52:19+00:00","breadcrumb":{"@id":"https:\/\/maithai.rs\/bw-about-us\/#breadcrumb"},"inLanguage":"en-GB","potentialAction":[{"@type":"ReadAction","target":["https:\/\/maithai.rs\/bw-about-us\/"]}]},{"@type":"ImageObject","inLanguage":"en-GB","@id":"https:\/\/maithai.rs\/bw-about-us\/#primaryimage","url":"http:\/\/maithai.rs\/wp-content\/uploads\/2025\/11\/WhatsApp-Image-2025-11-12-at-15.51.28_b9019155-650x650.jpg","contentUrl":"http:\/\/maithai.rs\/wp-content\/uploads\/2025\/11\/WhatsApp-Image-2025-11-12-at-15.51.28_b9019155-650x650.jpg"},{"@type":"BreadcrumbList","@id":"https:\/\/maithai.rs\/bw-about-us\/#breadcrumb","itemListElement":[{"@type":"ListItem","position":1,"name":"Po\u010detna","item":"https:\/\/maithai.rs\/"},{"@type":"ListItem","position":2,"name":"BaliThai About"}]},{"@type":"WebSite","@id":"https:\/\/maithai.rs\/#website","url":"https:\/\/maithai.rs\/","name":"Mai Thai Lux Massage","description":"Tajlandska masa\u017ea u srcu grada","publisher":{"@id":"https:\/\/maithai.rs\/#organization"},"potentialAction":[{"@type":"SearchAction","target":{"@type":"EntryPoint","urlTemplate":"https:\/\/maithai.rs\/?s={search_term_string}"},"query-input":{"@type":"PropertyValueSpecification","valueRequired":true,"valueName":"search_term_string"}}],"inLanguage":"en-GB"},{"@type":"Organization","@id":"https:\/\/maithai.rs\/#organization","name":"Mai Thai Lux Massage","url":"https:\/\/maithai.rs\/","logo":{"@type":"ImageObject","inLanguage":"en-GB","@id":"https:\/\/maithai.rs\/#\/schema\/logo\/image\/","url":"https:\/\/maithai.rs\/wp-content\/uploads\/2021\/08\/logo-footer-ch-img.png","contentUrl":"https:\/\/maithai.rs\/wp-content\/uploads\/2021\/08\/logo-footer-ch-img.png","width":151,"height":62,"caption":"Mai Thai Lux Massage"},"image":{"@id":"https:\/\/maithai.rs\/#\/schema\/logo\/image\/"},"sameAs":["https:\/\/instagram.com\/maithai.luxmassage"]}]}},"_links":{"self":[{"href":"https:\/\/maithai.rs\/en\/wp-json\/wp\/v2\/pages\/8270","targetHints":{"allow":["GET"]}}],"collection":[{"href":"https:\/\/maithai.rs\/en\/wp-json\/wp\/v2\/pages"}],"about":[{"href":"https:\/\/maithai.rs\/en\/wp-json\/wp\/v2\/types\/page"}],"author":[{"embeddable":true,"href":"https:\/\/maithai.rs\/en\/wp-json\/wp\/v2\/users\/1"}],"replies":[{"embeddable":true,"href":"https:\/\/maithai.rs\/en\/wp-json\/wp\/v2\/comments?post=8270"}],"version-history":[{"count":6,"href":"https:\/\/maithai.rs\/en\/wp-json\/wp\/v2\/pages\/8270\/revisions"}],"predecessor-version":[{"id":8497,"href":"https:\/\/maithai.rs\/en\/wp-json\/wp\/v2\/pages\/8270\/revisions\/8497"}],"wp:attachment":[{"href":"https:\/\/maithai.rs\/en\/wp-json\/wp\/v2\/media?parent=8270"}],"curies":[{"name":"wp","href":"https:\/\/api.w.org\/{rel}","templated":true}]}}