{"id":1931,"date":"2021-07-02T14:13:31","date_gmt":"2021-07-02T14:13:31","guid":{"rendered":"https:\/\/chea.qodeinteractive.com\/?page_id=1931"},"modified":"2025-11-18T17:18:25","modified_gmt":"2025-11-18T17:18:25","slug":"about-us","status":"publish","type":"page","link":"https:\/\/maithai.rs\/en\/about-us\/","title":{"rendered":"About us"},"content":{"rendered":"<div data-elementor-type=\"wp-page\" data-elementor-id=\"1931\" class=\"elementor elementor-1931\">\n\t\t\t\t\t\t<section class=\"elementor-section elementor-top-section elementor-element elementor-element-592d98f elementor-section-full_width elementor-section-height-default elementor-section-height-default qodef-elementor-content-no\" data-id=\"592d98f\" data-element_type=\"section\" data-e-type=\"section\">\n\t\t\t\t\t\t<div class=\"elementor-container elementor-column-gap-default\">\n\t\t\t\t\t<div class=\"elementor-column elementor-col-50 elementor-top-column elementor-element elementor-element-ef1d745\" data-id=\"ef1d745\" data-element_type=\"column\" data-e-type=\"column\">\n\t\t\t<div class=\"elementor-widget-wrap elementor-element-populated\">\n\t\t\t\t\t\t<div class=\"elementor-element elementor-element-29a1098 elementor-widget elementor-widget-image\" data-id=\"29a1098\" data-element_type=\"widget\" data-e-type=\"widget\" data-widget_type=\"image.default\">\n\t\t\t\t<div class=\"elementor-widget-container\">\n\t\t\t\t\t\t\t\t\t\t\t\t\t\t\t<img fetchpriority=\"high\" decoding=\"async\" width=\"880\" height=\"710\" src=\"https:\/\/maithai.rs\/wp-content\/uploads\/2023\/10\/p1-img-1.jpg\" class=\"attachment-full size-full wp-image-8075\" alt=\"\" srcset=\"https:\/\/maithai.rs\/wp-content\/uploads\/2023\/10\/p1-img-1.jpg 880w, https:\/\/maithai.rs\/wp-content\/uploads\/2023\/10\/p1-img-1-300x242.jpg 300w, https:\/\/maithai.rs\/wp-content\/uploads\/2023\/10\/p1-img-1-768x620.jpg 768w\" sizes=\"(max-width: 880px) 100vw, 880px\" \/>\t\t\t\t\t\t\t\t\t\t\t\t\t\t\t<\/div>\n\t\t\t\t<\/div>\n\t\t\t\t\t<\/div>\n\t\t<\/div>\n\t\t\t\t<div class=\"elementor-column elementor-col-50 elementor-top-column elementor-element elementor-element-805d635\" data-id=\"805d635\" data-element_type=\"column\" data-e-type=\"column\">\n\t\t\t<div class=\"elementor-widget-wrap elementor-element-populated\">\n\t\t\t\t\t\t<div class=\"elementor-element elementor-element-1ea09c8 elementor-widget__width-initial elementor-widget elementor-widget-heading\" data-id=\"1ea09c8\" data-element_type=\"widget\" data-e-type=\"widget\" data-widget_type=\"heading.default\">\n\t\t\t\t<div class=\"elementor-widget-container\">\n\t\t\t\t\t<h2 class=\"elementor-heading-title elementor-size-default\">About us<\/h2>\t\t\t\t<\/div>\n\t\t\t\t<\/div>\n\t\t\t\t<div class=\"elementor-element elementor-element-85a7ae2 elementor-widget elementor-widget-text-editor\" data-id=\"85a7ae2\" data-element_type=\"widget\" data-e-type=\"widget\" data-widget_type=\"text-editor.default\">\n\t\t\t\t<div class=\"elementor-widget-container\">\n\t\t\t\t\t\t\t\t\t<p>Welcome to Mai Thai Lux Massage, an oasis of Thai massage located in the heart of Belgrade, in the famous Skadarska Street. As you explore the bohemian soul of Skadarlija, you'll discover the doors that lead to the authentic world of Thailand.<\/p><p>With the sounds of tranquil Thai music and the scents of exotic oils, in our salon, we offer you the opportunity to momentarily escape the hustle and bustle of the city and rediscover your inner harmony.<\/p><p>The space of our salon is luxuriously designed, combining traditional Thai motifs with modern aesthetic solutions, creating an ambiance that exudes peace. Every detail is carefully crafted to provide you with absolute privacy and comfort during your massage.<\/p><p>We take pride in our team of Thai certified therapists. With rich experience and expertise in the field of Thai massage, they are ready to provide you with an authentic and deeply relaxing experience.<\/p><p>Whether you are seeking relief from everyday stress, therapeutic massage, or simply want to experience the wonders of genuine Thai massage in Belgrade, our team of experts is here to relax and refresh you.<\/p><p>We look forward to your visit!<\/p>\t\t\t\t\t\t\t\t<\/div>\n\t\t\t\t<\/div>\n\t\t\t\t\t<\/div>\n\t\t<\/div>\n\t\t\t\t\t<\/div>\n\t\t<\/section>\n\t\t\t\t<section class=\"elementor-section elementor-top-section elementor-element elementor-element-50de3b9 elementor-section-full_width elementor-section-height-default elementor-section-height-default qodef-elementor-content-no\" data-id=\"50de3b9\" data-element_type=\"section\" data-e-type=\"section\">\n\t\t\t\t\t\t<div class=\"elementor-container elementor-column-gap-default\">\n\t\t\t\t\t<div class=\"elementor-column elementor-col-50 elementor-top-column elementor-element elementor-element-d09ee2f\" data-id=\"d09ee2f\" data-element_type=\"column\" data-e-type=\"column\">\n\t\t\t<div class=\"elementor-widget-wrap elementor-element-populated\">\n\t\t\t\t\t\t<div class=\"elementor-element elementor-element-8bdd421 elementor-widget elementor-widget-image\" data-id=\"8bdd421\" data-element_type=\"widget\" data-e-type=\"widget\" data-widget_type=\"image.default\">\n\t\t\t\t<div class=\"elementor-widget-container\">\n\t\t\t\t\t\t\t\t\t\t\t\t\t\t\t<img decoding=\"async\" width=\"880\" height=\"710\" src=\"https:\/\/maithai.rs\/wp-content\/uploads\/2023\/10\/p1-img-2.jpg\" class=\"attachment-full size-full wp-image-8076\" alt=\"\" srcset=\"https:\/\/maithai.rs\/wp-content\/uploads\/2023\/10\/p1-img-2.jpg 880w, https:\/\/maithai.rs\/wp-content\/uploads\/2023\/10\/p1-img-2-300x242.jpg 300w, https:\/\/maithai.rs\/wp-content\/uploads\/2023\/10\/p1-img-2-768x620.jpg 768w\" sizes=\"(max-width: 880px) 100vw, 880px\" \/>\t\t\t\t\t\t\t\t\t\t\t\t\t\t\t<\/div>\n\t\t\t\t<\/div>\n\t\t\t\t\t<\/div>\n\t\t<\/div>\n\t\t\t\t<div class=\"elementor-column elementor-col-50 elementor-top-column elementor-element elementor-element-1b072c1\" data-id=\"1b072c1\" data-element_type=\"column\" data-e-type=\"column\">\n\t\t\t<div class=\"elementor-widget-wrap elementor-element-populated\">\n\t\t\t\t\t\t<div class=\"elementor-element elementor-element-7994b63 elementor-widget elementor-widget-image\" data-id=\"7994b63\" data-element_type=\"widget\" data-e-type=\"widget\" data-widget_type=\"image.default\">\n\t\t\t\t<div class=\"elementor-widget-container\">\n\t\t\t\t\t\t\t\t\t\t\t\t\t\t\t<img decoding=\"async\" width=\"880\" height=\"710\" src=\"https:\/\/maithai.rs\/wp-content\/uploads\/2023\/10\/p1-img-4.jpg\" class=\"attachment-full size-full wp-image-8078\" alt=\"\" srcset=\"https:\/\/maithai.rs\/wp-content\/uploads\/2023\/10\/p1-img-4.jpg 880w, https:\/\/maithai.rs\/wp-content\/uploads\/2023\/10\/p1-img-4-300x242.jpg 300w, https:\/\/maithai.rs\/wp-content\/uploads\/2023\/10\/p1-img-4-768x620.jpg 768w\" sizes=\"(max-width: 880px) 100vw, 880px\" \/>\t\t\t\t\t\t\t\t\t\t\t\t\t\t\t<\/div>\n\t\t\t\t<\/div>\n\t\t\t\t\t<\/div>\n\t\t<\/div>\n\t\t\t\t\t<\/div>\n\t\t<\/section>\n\t\t\t\t<\/div>","protected":false},"excerpt":{"rendered":"<p>O nama Dobrodo\u0161li u Mai Thai Lux Massage, oazu tajlandske masa\u017ee sme\u0161tene u srcu Beograda, u \u010duvenoj Skadarskoj ulici. Dok koracima istra\u017eujete boemsku du\u0161u Skadarlije, otkri\u0107ete vrata koja vode u autenti\u010dni svet Tajlanda. Uz zvuke tihe tajlandske muzike i mirise egzoti\u010dnih ulja, u na\u0161em salonu pru\u017eamo vam priliku da se na trenutak odvojite od gradske [&hellip;]<\/p>\n","protected":false},"author":1,"featured_media":0,"parent":0,"menu_order":0,"comment_status":"closed","ping_status":"closed","template":"page-full-width.php","meta":{"footnotes":""},"class_list":["post-1931","page","type-page","status-publish","hentry"],"yoast_head":"<!-- This site is optimized with the Yoast SEO plugin v27.2 - https:\/\/yoast.com\/product\/yoast-seo-wordpress\/ -->\n<title>O nama - Mai Thai Lux Massage<\/title>\n<meta name=\"description\" content=\"Dobrodo\u0161li u Mai Thai Lux Massage, oazu tajlandske masa\u017ee sme\u0161tene u srcu Beograda, u \u010duvenoj Skadarskoj ulici.\" \/>\n<meta name=\"robots\" content=\"index, follow, max-snippet:-1, max-image-preview:large, max-video-preview:-1\" \/>\n<link rel=\"canonical\" href=\"https:\/\/maithai.rs\/en\/about-us\/\" \/>\n<meta property=\"og:locale\" content=\"en_GB\" \/>\n<meta property=\"og:type\" content=\"article\" \/>\n<meta property=\"og:title\" content=\"O nama - Mai Thai Lux Massage\" \/>\n<meta property=\"og:description\" content=\"Dobrodo\u0161li u Mai Thai Lux Massage, oazu tajlandske masa\u017ee sme\u0161tene u srcu Beograda, u \u010duvenoj Skadarskoj ulici.\" \/>\n<meta property=\"og:url\" content=\"https:\/\/maithai.rs\/en\/about-us\/\" \/>\n<meta property=\"og:site_name\" content=\"Mai Thai Lux Massage\" \/>\n<meta property=\"article:modified_time\" content=\"2025-11-18T17:18:25+00:00\" \/>\n<meta property=\"og:image\" content=\"http:\/\/maithai.rs\/wp-content\/uploads\/2023\/10\/p1-img-1.jpg\" \/>\n<meta name=\"twitter:card\" content=\"summary_large_image\" \/>\n<meta name=\"twitter:label1\" content=\"Estimated reading time\" \/>\n\t<meta name=\"twitter:data1\" content=\"2 minutes\" \/>\n<script type=\"application\/ld+json\" class=\"yoast-schema-graph\">{\"@context\":\"https:\/\/schema.org\",\"@graph\":[{\"@type\":\"WebPage\",\"@id\":\"https:\/\/maithai.rs\/about-us\/\",\"url\":\"https:\/\/maithai.rs\/about-us\/\",\"name\":\"O nama - Mai Thai Lux Massage\",\"isPartOf\":{\"@id\":\"https:\/\/maithai.rs\/#website\"},\"primaryImageOfPage\":{\"@id\":\"https:\/\/maithai.rs\/about-us\/#primaryimage\"},\"image\":{\"@id\":\"https:\/\/maithai.rs\/about-us\/#primaryimage\"},\"thumbnailUrl\":\"http:\/\/maithai.rs\/wp-content\/uploads\/2023\/10\/p1-img-1.jpg\",\"datePublished\":\"2021-07-02T14:13:31+00:00\",\"dateModified\":\"2025-11-18T17:18:25+00:00\",\"description\":\"Dobrodo\u0161li u Mai Thai Lux Massage, oazu tajlandske masa\u017ee sme\u0161tene u srcu Beograda, u \u010duvenoj Skadarskoj ulici.\",\"breadcrumb\":{\"@id\":\"https:\/\/maithai.rs\/about-us\/#breadcrumb\"},\"inLanguage\":\"en-GB\",\"potentialAction\":[{\"@type\":\"ReadAction\",\"target\":[\"https:\/\/maithai.rs\/about-us\/\"]}]},{\"@type\":\"ImageObject\",\"inLanguage\":\"en-GB\",\"@id\":\"https:\/\/maithai.rs\/about-us\/#primaryimage\",\"url\":\"http:\/\/maithai.rs\/wp-content\/uploads\/2023\/10\/p1-img-1.jpg\",\"contentUrl\":\"http:\/\/maithai.rs\/wp-content\/uploads\/2023\/10\/p1-img-1.jpg\"},{\"@type\":\"BreadcrumbList\",\"@id\":\"https:\/\/maithai.rs\/about-us\/#breadcrumb\",\"itemListElement\":[{\"@type\":\"ListItem\",\"position\":1,\"name\":\"Po\u010detna\",\"item\":\"https:\/\/maithai.rs\/\"},{\"@type\":\"ListItem\",\"position\":2,\"name\":\"O nama\"}]},{\"@type\":\"WebSite\",\"@id\":\"https:\/\/maithai.rs\/#website\",\"url\":\"https:\/\/maithai.rs\/\",\"name\":\"Mai Thai Lux Massage\",\"description\":\"Tajlandska masa\u017ea u srcu grada\",\"publisher\":{\"@id\":\"https:\/\/maithai.rs\/#organization\"},\"potentialAction\":[{\"@type\":\"SearchAction\",\"target\":{\"@type\":\"EntryPoint\",\"urlTemplate\":\"https:\/\/maithai.rs\/?s={search_term_string}\"},\"query-input\":{\"@type\":\"PropertyValueSpecification\",\"valueRequired\":true,\"valueName\":\"search_term_string\"}}],\"inLanguage\":\"en-GB\"},{\"@type\":\"Organization\",\"@id\":\"https:\/\/maithai.rs\/#organization\",\"name\":\"Mai Thai Lux Massage\",\"url\":\"https:\/\/maithai.rs\/\",\"logo\":{\"@type\":\"ImageObject\",\"inLanguage\":\"en-GB\",\"@id\":\"https:\/\/maithai.rs\/#\/schema\/logo\/image\/\",\"url\":\"https:\/\/maithai.rs\/wp-content\/uploads\/2021\/08\/logo-footer-ch-img.png\",\"contentUrl\":\"https:\/\/maithai.rs\/wp-content\/uploads\/2021\/08\/logo-footer-ch-img.png\",\"width\":151,\"height\":62,\"caption\":\"Mai Thai Lux Massage\"},\"image\":{\"@id\":\"https:\/\/maithai.rs\/#\/schema\/logo\/image\/\"},\"sameAs\":[\"https:\/\/instagram.com\/maithai.luxmassage\"]}]}<\/script>\n<!-- \/ Yoast SEO plugin. -->","yoast_head_json":{"title":"O nama - Mai Thai Lux Massage","description":"Dobrodo\u0161li u Mai Thai Lux Massage, oazu tajlandske masa\u017ee sme\u0161tene u srcu Beograda, u \u010duvenoj Skadarskoj ulici.","robots":{"index":"index","follow":"follow","max-snippet":"max-snippet:-1","max-image-preview":"max-image-preview:large","max-video-preview":"max-video-preview:-1"},"canonical":"https:\/\/maithai.rs\/en\/about-us\/","og_locale":"en_GB","og_type":"article","og_title":"O nama - Mai Thai Lux Massage","og_description":"Dobrodo\u0161li u Mai Thai Lux Massage, oazu tajlandske masa\u017ee sme\u0161tene u srcu Beograda, u \u010duvenoj Skadarskoj ulici.","og_url":"https:\/\/maithai.rs\/en\/about-us\/","og_site_name":"Mai Thai Lux Massage","article_modified_time":"2025-11-18T17:18:25+00:00","og_image":[{"url":"http:\/\/maithai.rs\/wp-content\/uploads\/2023\/10\/p1-img-1.jpg","type":"","width":"","height":""}],"twitter_card":"summary_large_image","twitter_misc":{"Estimated reading time":"2 minutes"},"schema":{"@context":"https:\/\/schema.org","@graph":[{"@type":"WebPage","@id":"https:\/\/maithai.rs\/about-us\/","url":"https:\/\/maithai.rs\/about-us\/","name":"O nama - Mai Thai Lux Massage","isPartOf":{"@id":"https:\/\/maithai.rs\/#website"},"primaryImageOfPage":{"@id":"https:\/\/maithai.rs\/about-us\/#primaryimage"},"image":{"@id":"https:\/\/maithai.rs\/about-us\/#primaryimage"},"thumbnailUrl":"http:\/\/maithai.rs\/wp-content\/uploads\/2023\/10\/p1-img-1.jpg","datePublished":"2021-07-02T14:13:31+00:00","dateModified":"2025-11-18T17:18:25+00:00","description":"Dobrodo\u0161li u Mai Thai Lux Massage, oazu tajlandske masa\u017ee sme\u0161tene u srcu Beograda, u \u010duvenoj Skadarskoj ulici.","breadcrumb":{"@id":"https:\/\/maithai.rs\/about-us\/#breadcrumb"},"inLanguage":"en-GB","potentialAction":[{"@type":"ReadAction","target":["https:\/\/maithai.rs\/about-us\/"]}]},{"@type":"ImageObject","inLanguage":"en-GB","@id":"https:\/\/maithai.rs\/about-us\/#primaryimage","url":"http:\/\/maithai.rs\/wp-content\/uploads\/2023\/10\/p1-img-1.jpg","contentUrl":"http:\/\/maithai.rs\/wp-content\/uploads\/2023\/10\/p1-img-1.jpg"},{"@type":"BreadcrumbList","@id":"https:\/\/maithai.rs\/about-us\/#breadcrumb","itemListElement":[{"@type":"ListItem","position":1,"name":"Po\u010detna","item":"https:\/\/maithai.rs\/"},{"@type":"ListItem","position":2,"name":"O nama"}]},{"@type":"WebSite","@id":"https:\/\/maithai.rs\/#website","url":"https:\/\/maithai.rs\/","name":"Mai Thai Lux Massage","description":"Tajlandska masa\u017ea u srcu grada","publisher":{"@id":"https:\/\/maithai.rs\/#organization"},"potentialAction":[{"@type":"SearchAction","target":{"@type":"EntryPoint","urlTemplate":"https:\/\/maithai.rs\/?s={search_term_string}"},"query-input":{"@type":"PropertyValueSpecification","valueRequired":true,"valueName":"search_term_string"}}],"inLanguage":"en-GB"},{"@type":"Organization","@id":"https:\/\/maithai.rs\/#organization","name":"Mai Thai Lux Massage","url":"https:\/\/maithai.rs\/","logo":{"@type":"ImageObject","inLanguage":"en-GB","@id":"https:\/\/maithai.rs\/#\/schema\/logo\/image\/","url":"https:\/\/maithai.rs\/wp-content\/uploads\/2021\/08\/logo-footer-ch-img.png","contentUrl":"https:\/\/maithai.rs\/wp-content\/uploads\/2021\/08\/logo-footer-ch-img.png","width":151,"height":62,"caption":"Mai Thai Lux Massage"},"image":{"@id":"https:\/\/maithai.rs\/#\/schema\/logo\/image\/"},"sameAs":["https:\/\/instagram.com\/maithai.luxmassage"]}]}},"_links":{"self":[{"href":"https:\/\/maithai.rs\/en\/wp-json\/wp\/v2\/pages\/1931","targetHints":{"allow":["GET"]}}],"collection":[{"href":"https:\/\/maithai.rs\/en\/wp-json\/wp\/v2\/pages"}],"about":[{"href":"https:\/\/maithai.rs\/en\/wp-json\/wp\/v2\/types\/page"}],"author":[{"embeddable":true,"href":"https:\/\/maithai.rs\/en\/wp-json\/wp\/v2\/users\/1"}],"replies":[{"embeddable":true,"href":"https:\/\/maithai.rs\/en\/wp-json\/wp\/v2\/comments?post=1931"}],"version-history":[{"count":27,"href":"https:\/\/maithai.rs\/en\/wp-json\/wp\/v2\/pages\/1931\/revisions"}],"predecessor-version":[{"id":8111,"href":"https:\/\/maithai.rs\/en\/wp-json\/wp\/v2\/pages\/1931\/revisions\/8111"}],"wp:attachment":[{"href":"https:\/\/maithai.rs\/en\/wp-json\/wp\/v2\/media?parent=1931"}],"curies":[{"name":"wp","href":"https:\/\/api.w.org\/{rel}","templated":true}]}}